{"id":19728,"date":"2025-06-30T11:15:33","date_gmt":"2025-06-30T11:15:33","guid":{"rendered":"https:\/\/www.terhuurne.nl\/?page_id=19728"},"modified":"2025-06-30T11:15:34","modified_gmt":"2025-06-30T11:15:34","slug":"rueckrufaktion","status":"publish","type":"page","link":"https:\/\/www.terhuurne.nl\/de\/rueckrufaktion\/","title":{"rendered":"R\u00fcckrufaktion"},"content":{"rendered":"<style>.kb-row-layout-id19728_719e13-07 > .kt-row-column-wrap{align-content:end;}:where(.kb-row-layout-id19728_719e13-07 > .kt-row-column-wrap) > .wp-block-kadence-column{justify-content:end;}.kb-row-layout-id19728_719e13-07 > .kt-row-column-wrap{column-gap:var(--global-kb-gap-md, 2rem);row-gap:var(--global-kb-gap-md, 2rem);max-width:var( --global-content-width, 1290px );padding-left:var(--global-content-edge-padding);padding-right:var(--global-content-edge-padding);padding-top:var(--global-kb-spacing-sm, 1.5rem);padding-bottom:var(--global-kb-spacing-sm, 1.5rem);min-height:15vh;grid-template-columns:minmax(0, 1fr);}.kb-row-layout-id19728_719e13-07{background-image:url('https:\/\/terhuurne.nl\/wp-content\/uploads\/2022\/12\/default-eyecatcher-image-2.jpg');background-size:cover;background-position:center center;background-attachment:scroll;background-repeat:no-repeat;}.kb-row-layout-id19728_719e13-07 > .kt-row-layout-overlay{opacity:0.30;}@media all and (max-width: 1024px){.kb-row-layout-id19728_719e13-07 > .kt-row-column-wrap{grid-template-columns:minmax(0, 1fr);}}@media all and (max-width: 767px){.kb-row-layout-id19728_719e13-07 > .kt-row-column-wrap{grid-template-columns:minmax(0, 1fr);}}<\/style><div class=\"kb-row-layout-wrap kb-row-layout-id19728_719e13-07 alignfull kt-row-has-bg wp-block-kadence-rowlayout\"><div class=\"kt-row-column-wrap kt-has-1-columns kt-row-layout-equal kt-tab-layout-inherit kt-mobile-layout-row kt-row-valign-bottom kb-theme-content-width\">\n<style>.kadence-column19728_1e215a-11 > .kt-inside-inner-col{display:flex;}.kadence-column19728_1e215a-11 > .kt-inside-inner-col,.kadence-column19728_1e215a-11 > .kt-inside-inner-col:before{border-top-left-radius:0px;border-top-right-radius:0px;border-bottom-right-radius:0px;border-bottom-left-radius:0px;}.kadence-column19728_1e215a-11 > .kt-inside-inner-col{column-gap:var(--global-kb-gap-sm, 1rem);}.kadence-column19728_1e215a-11 > .kt-inside-inner-col{flex-direction:column;justify-content:flex-end;}.kadence-column19728_1e215a-11 > .kt-inside-inner-col > .aligncenter{width:100%;}.kt-row-column-wrap > .kadence-column19728_1e215a-11{align-self:flex-end;}.kt-inner-column-height-full:not(.kt-has-1-columns) > .wp-block-kadence-column.kadence-column19728_1e215a-11{align-self:auto;}.kt-inner-column-height-full:not(.kt-has-1-columns) > .wp-block-kadence-column.kadence-column19728_1e215a-11 > .kt-inside-inner-col{flex-direction:column;justify-content:flex-end;}.kadence-column19728_1e215a-11 > .kt-inside-inner-col:before{opacity:0.3;}.kadence-column19728_1e215a-11{position:relative;}@media all and (max-width: 1024px){.kt-row-column-wrap > .kadence-column19728_1e215a-11{align-self:flex-end;}}@media all and (max-width: 1024px){.kt-inner-column-height-full:not(.kt-has-1-columns) > .wp-block-kadence-column.kadence-column19728_1e215a-11{align-self:auto;}}@media all and (max-width: 1024px){.kt-inner-column-height-full:not(.kt-has-1-columns) > .wp-block-kadence-column.kadence-column19728_1e215a-11 > .kt-inside-inner-col{flex-direction:column;justify-content:flex-end;}}@media all and (max-width: 1024px){.kadence-column19728_1e215a-11 > .kt-inside-inner-col{flex-direction:column;justify-content:flex-end;}}@media all and (max-width: 767px){.kt-row-column-wrap > .kadence-column19728_1e215a-11{align-self:flex-end;}.kt-inner-column-height-full:not(.kt-has-1-columns) > .wp-block-kadence-column.kadence-column19728_1e215a-11{align-self:auto;}.kt-inner-column-height-full:not(.kt-has-1-columns) > .wp-block-kadence-column.kadence-column19728_1e215a-11 > .kt-inside-inner-col{flex-direction:column;justify-content:flex-end;}.kadence-column19728_1e215a-11 > .kt-inside-inner-col{flex-direction:column;justify-content:flex-end;}}<\/style>\n<div class=\"wp-block-kadence-column kadence-column19728_1e215a-11 inner-column-1\"><div class=\"kt-inside-inner-col\">\n<h6 class=\"wp-block-heading has-theme-palette-9-color has-text-color has-larger-font-size\">R\u00fcckrufaktion<\/h6>\n<\/div><\/div>\n\n<\/div><\/div>\n\n<style>.kb-row-layout-id19728_9c09be-a6 > .kt-row-column-wrap{align-content:start;}:where(.kb-row-layout-id19728_9c09be-a6 > .kt-row-column-wrap) > .wp-block-kadence-column{justify-content:start;}.kb-row-layout-id19728_9c09be-a6 > .kt-row-column-wrap{column-gap:var(--global-kb-gap-md, 2rem);row-gap:var(--global-kb-gap-md, 2rem);max-width:var( --global-content-width, 1290px );padding-left:var(--global-content-edge-padding);padding-right:var(--global-content-edge-padding);padding-top:var(--global-kb-spacing-sm, 1.5rem);padding-bottom:var(--global-kb-spacing-sm, 1.5rem);grid-template-columns:minmax(0, 1fr);}.kb-row-layout-id19728_9c09be-a6 > .kt-row-layout-overlay{opacity:0.30;}@media all and (max-width: 1024px){.kb-row-layout-id19728_9c09be-a6 > .kt-row-column-wrap{grid-template-columns:minmax(0, 1fr);}}@media all and (max-width: 767px){.kb-row-layout-id19728_9c09be-a6 > .kt-row-column-wrap{grid-template-columns:minmax(0, 1fr);}}<\/style><div class=\"kb-row-layout-wrap kb-row-layout-id19728_9c09be-a6 alignfull wp-block-kadence-rowlayout\"><div class=\"kt-row-column-wrap kt-has-1-columns kt-row-layout-equal kt-tab-layout-inherit kt-mobile-layout-row kt-row-valign-top kb-theme-content-width\">\n<style>.kadence-column19728_315482-07 > .kt-inside-inner-col,.kadence-column19728_315482-07 > .kt-inside-inner-col:before{border-top-left-radius:0px;border-top-right-radius:0px;border-bottom-right-radius:0px;border-bottom-left-radius:0px;}.kadence-column19728_315482-07 > .kt-inside-inner-col{column-gap:var(--global-kb-gap-sm, 1rem);}.kadence-column19728_315482-07 > .kt-inside-inner-col{flex-direction:column;}.kadence-column19728_315482-07 > .kt-inside-inner-col > .aligncenter{width:100%;}.kadence-column19728_315482-07 > .kt-inside-inner-col:before{opacity:0.3;}.kadence-column19728_315482-07{position:relative;}@media all and (max-width: 1024px){.kadence-column19728_315482-07 > .kt-inside-inner-col{flex-direction:column;justify-content:center;}}@media all and (max-width: 767px){.kadence-column19728_315482-07 > .kt-inside-inner-col{flex-direction:column;justify-content:center;}}.kadence-column19728_315482-07 a{n  color: black;n}<\/style>\n<div class=\"wp-block-kadence-column kadence-column19728_315482-07 inner-column-1\"><div class=\"kt-inside-inner-col\">\n<p><a data-type=\"page\" data-id=\"7\" href=\"https:\/\/terhuurne.nl\/de\/\">Home <\/a>> R\u00fcckrufaktion<\/p>\n\n\n\n<p class=\"has-large-font-size\"><strong>R\u00fcckrufaktion<\/strong><\/p>\n\n\n\n<p>\u26a0\ufe0f <strong>R\u00fcckrufaktion Lay\u2019s \u2013 Juni 2025<\/strong><br><strong>Wichtiger Sicherheitshinweis<\/strong><br>Lay\u2019s hat eine R\u00fcckrufaktion f\u00fcr mehrere Chipsprodukte angek\u00fcndigt \u2013 aufgrund eines m\u00f6glichen Gesundheitsrisikos. Ter Huurne Hollandmarkt hat diese Produkte umgehend aus dem Verkauf genommen.<\/p>\n\n\n\n<p>\u274c <strong>Folgende Produkte sind betroffen:<\/strong><\/p>\n\n\n\n<figure class=\"wp-block-table\"><table class=\"has-fixed-layout\"><thead><tr><td><strong>Produkt<\/strong><\/td><td><strong>Gewicht<\/strong><\/td><td><strong>EAN<\/strong><\/td><td><strong>MHD-Datum(e)<\/strong><\/td><\/tr><\/thead><tbody><tr><td><strong>Lay\u2019s Party Mix (15 Beutel)<\/strong><\/td><td><strong>412,5g<\/strong><\/td><td><strong>8710398528094<\/strong><\/td><td><strong>23-08-2025<\/strong><\/td><\/tr><tr><td><strong>Lay\u2019s Bugles Nacho Cheese<\/strong><\/td><td><strong>30g<\/strong><\/td><td><strong>8710398502599<\/strong><\/td><td><strong>20-09-2025, 27-09-2025<\/strong><\/td><\/tr><tr><td><strong>Lay\u2019s Bugles Nacho Cheese<\/strong><\/td><td><strong>125g<\/strong><\/td><td><strong>8710398502308<\/strong><\/td><td><strong>20-09-2025, 27-09-2025<\/strong><\/td><\/tr><tr><td><strong>Lay\u2019s Bugles Nacho Cheese<\/strong><\/td><td><strong>160g<\/strong><\/td><td><strong>8710398507402<\/strong><\/td><td><strong>13-09-2025, 20-09-2025, 27-09-2025<\/strong><\/td><\/tr><tr><td><strong>Lay\u2019s Bugles Naturel<\/strong><\/td><td><strong>125g<\/strong><\/td><td><strong>8710398517845<\/strong><\/td><td><strong>20-09-2025, 27-09-2025<\/strong><\/td><\/tr><tr><td><strong>Lay\u2019s Wokkels Naturel<\/strong><\/td><td><strong>100g<\/strong><\/td><td><strong>8710398513830<\/strong><\/td><td><strong>27-09-2025<\/strong><\/td><\/tr><tr><td><strong>Lay\u2019s Wokkels Paprika<\/strong><\/td><td><strong>100g<\/strong><\/td><td><strong>8710398513854<\/strong><\/td><td><strong>20-09-2025, 27-09-2025<\/strong><\/td><\/tr><tr><td><strong>Lay\u2019s Wokkels Paprika<\/strong><\/td><td><strong>30g<\/strong><\/td><td><strong>8710398502452<\/strong><\/td><td><strong>20-09-2025, 27-09-2025<\/strong><\/td><\/tr><tr><td><strong>Lay\u2019s 9 Pack Action<\/strong><\/td><td><strong>225g<\/strong><\/td><td><strong>8710398529787<\/strong><\/td><td><strong>23-08-2025<\/strong><\/td><\/tr><tr><td><strong>Lay\u2019s Family Mix (15 Beutel)<\/strong><\/td><td><strong>315g<\/strong><\/td><td><strong>8710398528117<\/strong><\/td><td><strong>23-08-2025<\/strong><\/td><\/tr><\/tbody><\/table><\/figure>\n\n\n\n<hr class=\"wp-block-separator has-alpha-channel-opacity\"\/>\n\n\n\n<p><strong>Was ist zu tun?<\/strong><\/p>\n\n\n\n<p>Hast du eines dieser Produkte bei Ter Huurne Hollandmarkt gekauft?<br>\u27a1\ufe0f <strong>\u00dcberpr\u00fcfe das Mindesthaltbarkeitsdatum (MHD)<\/strong> auf der Verpackung.<br>\u27a1\ufe0f Hast du ein Produkt mit einem der oben genannten Daten?<br><strong>Dann bring es bitte in unser Gesch\u00e4ft zur\u00fcck. Du erh\u00e4ltst selbstverst\u00e4ndlich den Kaufbetrag zur\u00fcck.<\/strong><\/p>\n\n\n\n<hr class=\"wp-block-separator has-alpha-channel-opacity\"\/>\n\n\n\n<p>F\u00fcr Fragen stehen wir dir gerne telefonisch zur Verf\u00fcgung:<br>\ud83d\udccd <strong>Ter Huurne Hollandmarkt<\/strong> \u2013 Alsteedseweg 64, Haaksbergen<br>\ud83d\udcde Telefon: <strong>053-5693569<\/strong> Vielen Dank f\u00fcr dein Verst\u00e4ndnis und deine Mithilfe.<br><\/p>\n<\/div><\/div>\n\n<\/div><\/div>","protected":false},"excerpt":{"rendered":"<p>R\u00fcckrufaktion Home > R\u00fcckrufaktion R\u00fcckrufaktion \u26a0\ufe0f R\u00fcckrufaktion Lay\u2019s \u2013 Juni 2025Wichtiger SicherheitshinweisLay\u2019s hat eine R\u00fcckrufaktion f\u00fcr mehrere Chipsprodukte angek\u00fcndigt \u2013 aufgrund eines m\u00f6glichen Gesundheitsrisikos. Ter Huurne Hollandmarkt hat diese Produkte umgehend aus dem Verkauf genommen. \u274c Folgende Produkte sind betroffen: Produkt Gewicht EAN MHD-Datum(e) Lay\u2019s Party Mix (15 Beutel) 412,5g 8710398528094 23-08-2025 Lay\u2019s Bugles Nacho&#8230;<\/p>\n","protected":false},"author":2,"featured_media":0,"parent":0,"menu_order":0,"comment_status":"closed","ping_status":"closed","template":"","meta":{"_acf_changed":false,"inline_featured_image":false,"_kad_blocks_custom_css":"","_kad_blocks_head_custom_js":"","_kad_blocks_body_custom_js":"","_kad_blocks_footer_custom_js":"","_kadence_starter_templates_imported_post":false,"_kad_post_transparent":"default","_kad_post_title":"","_kad_post_layout":"","_kad_post_sidebar_id":"","_kad_post_content_style":"","_kad_post_vertical_padding":"","_kad_post_feature":"","_kad_post_feature_position":"","_kad_post_header":false,"_kad_post_footer":false,"_kad_post_classname":"","footnotes":""},"class_list":["post-19728","page","type-page","status-publish","hentry"],"acf":[],"yoast_head":"<!-- This site is optimized with the Yoast SEO plugin v25.7 - https:\/\/yoast.com\/wordpress\/plugins\/seo\/ -->\n<title>R\u00fcckrufaktion | Ter Huurne Holland Markt B.V.<\/title>\n<meta name=\"description\" content=\"Wichtige R\u00fcckrufaktion von Lay\u2019s: Mehrere Chipsprodukte wegen m\u00f6glichem Gesundheitsrisiko zur\u00fcckgerufen. Jetzt betroffene Sorten und MHDs pr\u00fcfen.\" \/>\n<meta name=\"robots\" content=\"index, follow, max-snippet:-1, max-image-preview:large, max-video-preview:-1\" \/>\n<link rel=\"canonical\" href=\"https:\/\/www.terhuurne.nl\/de\/rueckrufaktion\/\" \/>\n<meta property=\"og:locale\" content=\"de_DE\" \/>\n<meta property=\"og:type\" content=\"article\" \/>\n<meta property=\"og:title\" content=\"R\u00fcckrufaktion | Ter Huurne Holland Markt B.V.\" \/>\n<meta property=\"og:description\" content=\"Wichtige R\u00fcckrufaktion von Lay\u2019s: Mehrere Chipsprodukte wegen m\u00f6glichem Gesundheitsrisiko zur\u00fcckgerufen. Jetzt betroffene Sorten und MHDs pr\u00fcfen.\" \/>\n<meta property=\"og:url\" content=\"https:\/\/www.terhuurne.nl\/de\/rueckrufaktion\/\" \/>\n<meta property=\"og:site_name\" content=\"Ter Huurne Holland Markt B.V.\" \/>\n<meta property=\"article:publisher\" content=\"https:\/\/www.facebook.com\/terhuurnehollandmarkt\" \/>\n<meta property=\"article:modified_time\" content=\"2025-06-30T11:15:34+00:00\" \/>\n<meta name=\"twitter:card\" content=\"summary_large_image\" \/>\n<meta name=\"twitter:label1\" content=\"Gesch\u00e4tzte Lesezeit\" \/>\n\t<meta name=\"twitter:data1\" content=\"1\u00a0Minute\" \/>\n<script type=\"application\/ld+json\" class=\"yoast-schema-graph\">{\"@context\":\"https:\/\/schema.org\",\"@graph\":[{\"@type\":\"WebPage\",\"@id\":\"https:\/\/www.terhuurne.nl\/de\/rueckrufaktion\/\",\"url\":\"https:\/\/www.terhuurne.nl\/de\/rueckrufaktion\/\",\"name\":\"R\u00fcckrufaktion | Ter Huurne Holland Markt B.V.\",\"isPartOf\":{\"@id\":\"https:\/\/www.terhuurne.nl\/de\/#website\"},\"datePublished\":\"2025-06-30T11:15:33+00:00\",\"dateModified\":\"2025-06-30T11:15:34+00:00\",\"description\":\"Wichtige R\u00fcckrufaktion von Lay\u2019s: Mehrere Chipsprodukte wegen m\u00f6glichem Gesundheitsrisiko zur\u00fcckgerufen. Jetzt betroffene Sorten und MHDs pr\u00fcfen.\",\"breadcrumb\":{\"@id\":\"https:\/\/www.terhuurne.nl\/de\/rueckrufaktion\/#breadcrumb\"},\"inLanguage\":\"de\",\"potentialAction\":[{\"@type\":\"ReadAction\",\"target\":[\"https:\/\/www.terhuurne.nl\/de\/rueckrufaktion\/\"]}]},{\"@type\":\"BreadcrumbList\",\"@id\":\"https:\/\/www.terhuurne.nl\/de\/rueckrufaktion\/#breadcrumb\",\"itemListElement\":[{\"@type\":\"ListItem\",\"position\":1,\"name\":\"Home\",\"item\":\"https:\/\/www.terhuurne.nl\/de\/\"},{\"@type\":\"ListItem\",\"position\":2,\"name\":\"R\u00fcckrufaktion\"}]},{\"@type\":\"WebSite\",\"@id\":\"https:\/\/www.terhuurne.nl\/de\/#website\",\"url\":\"https:\/\/www.terhuurne.nl\/de\/\",\"name\":\"ter Huurne Hollandmarkt\",\"description\":\"\",\"publisher\":{\"@id\":\"https:\/\/www.terhuurne.nl\/de\/#organization\"},\"alternateName\":\"ter Huurne\",\"potentialAction\":[{\"@type\":\"SearchAction\",\"target\":{\"@type\":\"EntryPoint\",\"urlTemplate\":\"https:\/\/www.terhuurne.nl\/de\/?s={search_term_string}\"},\"query-input\":{\"@type\":\"PropertyValueSpecification\",\"valueRequired\":true,\"valueName\":\"search_term_string\"}}],\"inLanguage\":\"de\"},{\"@type\":\"Organization\",\"@id\":\"https:\/\/www.terhuurne.nl\/de\/#organization\",\"name\":\"ter Huurne Holland Markt B.V.\",\"alternateName\":\"ter Huurne Hollandmarkt\",\"url\":\"https:\/\/www.terhuurne.nl\/de\/\",\"logo\":{\"@type\":\"ImageObject\",\"inLanguage\":\"de\",\"@id\":\"https:\/\/www.terhuurne.nl\/de\/#\/schema\/logo\/image\/\",\"url\":\"https:\/\/www.terhuurne.nl\/wp-content\/uploads\/2022\/12\/logo-2.svg\",\"contentUrl\":\"https:\/\/www.terhuurne.nl\/wp-content\/uploads\/2022\/12\/logo-2.svg\",\"width\":800,\"height\":299,\"caption\":\"ter Huurne Holland Markt B.V.\"},\"image\":{\"@id\":\"https:\/\/www.terhuurne.nl\/de\/#\/schema\/logo\/image\/\"},\"sameAs\":[\"https:\/\/www.facebook.com\/terhuurnehollandmarkt\",\"https:\/\/www.instagram.com\/terhuurnehollandmarkt\/\"]}]}<\/script>\n<!-- \/ Yoast SEO plugin. -->","yoast_head_json":{"title":"R\u00fcckrufaktion | Ter Huurne Holland Markt B.V.","description":"Wichtige R\u00fcckrufaktion von Lay\u2019s: Mehrere Chipsprodukte wegen m\u00f6glichem Gesundheitsrisiko zur\u00fcckgerufen. Jetzt betroffene Sorten und MHDs pr\u00fcfen.","robots":{"index":"index","follow":"follow","max-snippet":"max-snippet:-1","max-image-preview":"max-image-preview:large","max-video-preview":"max-video-preview:-1"},"canonical":"https:\/\/www.terhuurne.nl\/de\/rueckrufaktion\/","og_locale":"de_DE","og_type":"article","og_title":"R\u00fcckrufaktion | Ter Huurne Holland Markt B.V.","og_description":"Wichtige R\u00fcckrufaktion von Lay\u2019s: Mehrere Chipsprodukte wegen m\u00f6glichem Gesundheitsrisiko zur\u00fcckgerufen. Jetzt betroffene Sorten und MHDs pr\u00fcfen.","og_url":"https:\/\/www.terhuurne.nl\/de\/rueckrufaktion\/","og_site_name":"Ter Huurne Holland Markt B.V.","article_publisher":"https:\/\/www.facebook.com\/terhuurnehollandmarkt","article_modified_time":"2025-06-30T11:15:34+00:00","twitter_card":"summary_large_image","twitter_misc":{"Gesch\u00e4tzte Lesezeit":"1\u00a0Minute"},"schema":{"@context":"https:\/\/schema.org","@graph":[{"@type":"WebPage","@id":"https:\/\/www.terhuurne.nl\/de\/rueckrufaktion\/","url":"https:\/\/www.terhuurne.nl\/de\/rueckrufaktion\/","name":"R\u00fcckrufaktion | Ter Huurne Holland Markt B.V.","isPartOf":{"@id":"https:\/\/www.terhuurne.nl\/de\/#website"},"datePublished":"2025-06-30T11:15:33+00:00","dateModified":"2025-06-30T11:15:34+00:00","description":"Wichtige R\u00fcckrufaktion von Lay\u2019s: Mehrere Chipsprodukte wegen m\u00f6glichem Gesundheitsrisiko zur\u00fcckgerufen. Jetzt betroffene Sorten und MHDs pr\u00fcfen.","breadcrumb":{"@id":"https:\/\/www.terhuurne.nl\/de\/rueckrufaktion\/#breadcrumb"},"inLanguage":"de","potentialAction":[{"@type":"ReadAction","target":["https:\/\/www.terhuurne.nl\/de\/rueckrufaktion\/"]}]},{"@type":"BreadcrumbList","@id":"https:\/\/www.terhuurne.nl\/de\/rueckrufaktion\/#breadcrumb","itemListElement":[{"@type":"ListItem","position":1,"name":"Home","item":"https:\/\/www.terhuurne.nl\/de\/"},{"@type":"ListItem","position":2,"name":"R\u00fcckrufaktion"}]},{"@type":"WebSite","@id":"https:\/\/www.terhuurne.nl\/de\/#website","url":"https:\/\/www.terhuurne.nl\/de\/","name":"ter Huurne Hollandmarkt","description":"","publisher":{"@id":"https:\/\/www.terhuurne.nl\/de\/#organization"},"alternateName":"ter Huurne","potentialAction":[{"@type":"SearchAction","target":{"@type":"EntryPoint","urlTemplate":"https:\/\/www.terhuurne.nl\/de\/?s={search_term_string}"},"query-input":{"@type":"PropertyValueSpecification","valueRequired":true,"valueName":"search_term_string"}}],"inLanguage":"de"},{"@type":"Organization","@id":"https:\/\/www.terhuurne.nl\/de\/#organization","name":"ter Huurne Holland Markt B.V.","alternateName":"ter Huurne Hollandmarkt","url":"https:\/\/www.terhuurne.nl\/de\/","logo":{"@type":"ImageObject","inLanguage":"de","@id":"https:\/\/www.terhuurne.nl\/de\/#\/schema\/logo\/image\/","url":"https:\/\/www.terhuurne.nl\/wp-content\/uploads\/2022\/12\/logo-2.svg","contentUrl":"https:\/\/www.terhuurne.nl\/wp-content\/uploads\/2022\/12\/logo-2.svg","width":800,"height":299,"caption":"ter Huurne Holland Markt B.V."},"image":{"@id":"https:\/\/www.terhuurne.nl\/de\/#\/schema\/logo\/image\/"},"sameAs":["https:\/\/www.facebook.com\/terhuurnehollandmarkt","https:\/\/www.instagram.com\/terhuurnehollandmarkt\/"]}]}},"taxonomy_info":[],"featured_image_src_large":false,"author_info":{"display_name":"Jorn","author_link":"https:\/\/www.terhuurne.nl\/de\/author\/jorn\/"},"comment_info":0,"_links":{"self":[{"href":"https:\/\/www.terhuurne.nl\/de\/wp-json\/wp\/v2\/pages\/19728","targetHints":{"allow":["GET"]}}],"collection":[{"href":"https:\/\/www.terhuurne.nl\/de\/wp-json\/wp\/v2\/pages"}],"about":[{"href":"https:\/\/www.terhuurne.nl\/de\/wp-json\/wp\/v2\/types\/page"}],"author":[{"embeddable":true,"href":"https:\/\/www.terhuurne.nl\/de\/wp-json\/wp\/v2\/users\/2"}],"replies":[{"embeddable":true,"href":"https:\/\/www.terhuurne.nl\/de\/wp-json\/wp\/v2\/comments?post=19728"}],"version-history":[{"count":1,"href":"https:\/\/www.terhuurne.nl\/de\/wp-json\/wp\/v2\/pages\/19728\/revisions"}],"predecessor-version":[{"id":19729,"href":"https:\/\/www.terhuurne.nl\/de\/wp-json\/wp\/v2\/pages\/19728\/revisions\/19729"}],"wp:attachment":[{"href":"https:\/\/www.terhuurne.nl\/de\/wp-json\/wp\/v2\/media?parent=19728"}],"curies":[{"name":"wp","href":"https:\/\/api.w.org\/{rel}","templated":true}]}}