{"id":9604,"date":"2022-12-07T12:42:40","date_gmt":"2022-12-07T12:42:40","guid":{"rendered":"https:\/\/www.terhuurne.nl\/disclaimer\/"},"modified":"2023-05-16T13:52:31","modified_gmt":"2023-05-16T13:52:31","slug":"disclaimer","status":"publish","type":"page","link":"https:\/\/www.terhuurne.nl\/de\/disclaimer\/","title":{"rendered":"Disclaimer"},"content":{"rendered":"<style>.kb-row-layout-id_aaa7d1-97 > .kt-row-column-wrap{align-content:end;}:where(.kb-row-layout-id_aaa7d1-97 > .kt-row-column-wrap) > .wp-block-kadence-column{justify-content:end;}.kb-row-layout-id_aaa7d1-97 > .kt-row-column-wrap{column-gap:var(--global-kb-gap-md, 2rem);row-gap:var(--global-kb-gap-md, 2rem);max-width:var( --global-content-width, 1290px );padding-left:var(--global-content-edge-padding);padding-right:var(--global-content-edge-padding);padding-top:var(--global-kb-spacing-sm, 1.5rem);padding-bottom:var(--global-kb-spacing-sm, 1.5rem);min-height:15vh;grid-template-columns:minmax(0, 1fr);}.kb-row-layout-id_aaa7d1-97{background-image:url('https:\/\/terhuurne.nl\/wp-content\/uploads\/2022\/12\/default-eyecatcher-image-2.jpg');background-size:cover;background-position:center center;background-attachment:scroll;background-repeat:no-repeat;}.kb-row-layout-id_aaa7d1-97 > .kt-row-layout-overlay{opacity:0.30;}@media all and (max-width: 1024px){.kb-row-layout-id_aaa7d1-97 > .kt-row-column-wrap{grid-template-columns:minmax(0, 1fr);}}@media all and (max-width: 767px){.kb-row-layout-id_aaa7d1-97 > .kt-row-column-wrap{grid-template-columns:minmax(0, 1fr);}}<\/style><div class=\"kb-row-layout-wrap kb-row-layout-id_aaa7d1-97 alignfull kt-row-has-bg wp-block-kadence-rowlayout\"><div class=\"kt-row-column-wrap kt-has-1-columns kt-row-layout-equal kt-tab-layout-inherit kt-mobile-layout-row kt-row-valign-bottom kb-theme-content-width\">\n<style>.kadence-column_38b5a1-ed > .kt-inside-inner-col{display:flex;}.kadence-column_38b5a1-ed > .kt-inside-inner-col,.kadence-column_38b5a1-ed > .kt-inside-inner-col:before{border-top-left-radius:0px;border-top-right-radius:0px;border-bottom-right-radius:0px;border-bottom-left-radius:0px;}.kadence-column_38b5a1-ed > .kt-inside-inner-col{column-gap:var(--global-kb-gap-sm, 1rem);}.kadence-column_38b5a1-ed > .kt-inside-inner-col{flex-direction:column;justify-content:flex-end;}.kadence-column_38b5a1-ed > .kt-inside-inner-col > .aligncenter{width:100%;}.kt-row-column-wrap > .kadence-column_38b5a1-ed{align-self:flex-end;}.kt-inner-column-height-full:not(.kt-has-1-columns) > .wp-block-kadence-column.kadence-column_38b5a1-ed{align-self:auto;}.kt-inner-column-height-full:not(.kt-has-1-columns) > .wp-block-kadence-column.kadence-column_38b5a1-ed > .kt-inside-inner-col{flex-direction:column;justify-content:flex-end;}.kadence-column_38b5a1-ed > .kt-inside-inner-col:before{opacity:0.3;}.kadence-column_38b5a1-ed{position:relative;}@media all and (max-width: 1024px){.kt-row-column-wrap > .kadence-column_38b5a1-ed{align-self:flex-end;}}@media all and (max-width: 1024px){.kt-inner-column-height-full:not(.kt-has-1-columns) > .wp-block-kadence-column.kadence-column_38b5a1-ed{align-self:auto;}}@media all and (max-width: 1024px){.kt-inner-column-height-full:not(.kt-has-1-columns) > .wp-block-kadence-column.kadence-column_38b5a1-ed > .kt-inside-inner-col{flex-direction:column;justify-content:flex-end;}}@media all and (max-width: 1024px){.kadence-column_38b5a1-ed > .kt-inside-inner-col{flex-direction:column;justify-content:flex-end;}}@media all and (max-width: 767px){.kt-row-column-wrap > .kadence-column_38b5a1-ed{align-self:flex-end;}.kt-inner-column-height-full:not(.kt-has-1-columns) > .wp-block-kadence-column.kadence-column_38b5a1-ed{align-self:auto;}.kt-inner-column-height-full:not(.kt-has-1-columns) > .wp-block-kadence-column.kadence-column_38b5a1-ed > .kt-inside-inner-col{flex-direction:column;justify-content:flex-end;}.kadence-column_38b5a1-ed > .kt-inside-inner-col{flex-direction:column;justify-content:flex-end;}}<\/style>\n<div class=\"wp-block-kadence-column kadence-column_38b5a1-ed inner-column-1\"><div class=\"kt-inside-inner-col\">\n<h6 class=\"wp-block-heading has-theme-palette-9-color has-text-color has-larger-font-size\">Disclaimer ter Huurne Holland Markt B.V. <\/h6>\n<\/div><\/div>\n\n<\/div><\/div>\n\n<style>.kb-row-layout-id_5bf091-e6 > .kt-row-column-wrap{align-content:start;}:where(.kb-row-layout-id_5bf091-e6 > .kt-row-column-wrap) > .wp-block-kadence-column{justify-content:start;}.kb-row-layout-id_5bf091-e6 > .kt-row-column-wrap{column-gap:var(--global-kb-gap-md, 2rem);row-gap:var(--global-kb-gap-md, 2rem);max-width:var( --global-content-width, 1290px );padding-left:var(--global-content-edge-padding);padding-right:var(--global-content-edge-padding);padding-top:var(--global-kb-spacing-sm, 1.5rem);padding-bottom:var(--global-kb-spacing-sm, 1.5rem);grid-template-columns:minmax(0, 1fr);}.kb-row-layout-id_5bf091-e6 > .kt-row-layout-overlay{opacity:0.30;}@media all and (max-width: 1024px){.kb-row-layout-id_5bf091-e6 > .kt-row-column-wrap{grid-template-columns:minmax(0, 1fr);}}@media all and (max-width: 767px){.kb-row-layout-id_5bf091-e6 > .kt-row-column-wrap{grid-template-columns:minmax(0, 1fr);}}<\/style><div class=\"kb-row-layout-wrap kb-row-layout-id_5bf091-e6 alignfull wp-block-kadence-rowlayout\"><div class=\"kt-row-column-wrap kt-has-1-columns kt-row-layout-equal kt-tab-layout-inherit kt-mobile-layout-row kt-row-valign-top kb-theme-content-width\">\n<style>.kadence-column_b698c8-60 > .kt-inside-inner-col,.kadence-column_b698c8-60 > .kt-inside-inner-col:before{border-top-left-radius:0px;border-top-right-radius:0px;border-bottom-right-radius:0px;border-bottom-left-radius:0px;}.kadence-column_b698c8-60 > .kt-inside-inner-col{column-gap:var(--global-kb-gap-sm, 1rem);}.kadence-column_b698c8-60 > .kt-inside-inner-col{flex-direction:column;}.kadence-column_b698c8-60 > .kt-inside-inner-col > .aligncenter{width:100%;}.kadence-column_b698c8-60 > .kt-inside-inner-col:before{opacity:0.3;}.kadence-column_b698c8-60{position:relative;}@media all and (max-width: 1024px){.kadence-column_b698c8-60 > .kt-inside-inner-col{flex-direction:column;justify-content:center;}}@media all and (max-width: 767px){.kadence-column_b698c8-60 > .kt-inside-inner-col{flex-direction:column;justify-content:center;}}.kadence-column_b698c8-60 a{  color: black;}<\/style>\n<div class=\"wp-block-kadence-column kadence-column_b698c8-60 inner-column-1\"><div class=\"kt-inside-inner-col\">\n<p><a href=\"https:\/\/terhuurne.nl\/de\/\" data-type=\"page\" data-id=\"7\">Home <\/a>&gt; Disclaimer<\/p>\n\n\n\n<p class=\"has-large-font-size\">Disclaimer<\/p>\n\n\n\n<p>ter Huurne Holland Markt B.V. ist bem\u00fcht ausschliesslich korrekte Informationen auf dieser Webseite zu publizieren. Die ver\u00f6ffentlichten Informationen sind nicht bindend noch ist ter Huurne Holland Markt B.V. haftbar f\u00fcr jegliche Inhalte. Alle Daten die Sie als Benutzer eingeben werden ausschliesslich zum angegebenen Zweck genutzt. Alle Angebote gelten solange der Vorrat reicht.<\/p>\n\n\n\n<p>ter Huurne Holland Markt B.V. \u00fcbernimmt keine Haftung f\u00fcr Sch\u00e4den, die durch die Nutzung, Unvollst\u00e4ndigkeit oder Ungenauigkeit der auf dieser Website angebotenen Informationen entstehen. Unsere Webseite enth\u00e4lt Links zu Webseiten von Dritten. Wir sind nicht verantwortlich f\u00fcr die Datenschutzpraktiken oder den Inhalt dieser Webseiten. Inhalte dieser Webseite d\u00fcrfen nicht ohne Genehmigung des unterstehenden Rechtsinhabers \u00fcbernommen werden.Das Copyright dieser Webseite liegt bei ter Huurne Holland Markt B.V. oder bei Dritten, die (Bild-) Material f\u00fcr ter Huurne Holland Markt B.V. zur Verf\u00fcgung gestellt haben.<\/p>\n\n\n\n<p>Wenn Sie Fragen zum Inhalt der Website haben, kontaktieren Sie uns bitte:<br>Tel.:&nbsp;<a href=\"tel:+31535693569\">+31(0)53-569 3-569<\/a>&nbsp;oder e-mail:&nbsp;<a href=\"mailto:info@terhuurne.nl\">info@terhuurne.nl<\/a><br>ter Huurne Holland Markt B.V.<br>Alsteedseweg 64<br>7481 RZ Haaksbergen<\/p>\n\n\n\n<p><br>Letztes Update: 23-03-2023<\/p>\n<\/div><\/div>\n\n<\/div><\/div>","protected":false},"excerpt":{"rendered":"<p>Disclaimer ter Huurne Holland Markt B.V. Home &gt; Disclaimer Disclaimer ter Huurne Holland Markt B.V. ist bem\u00fcht ausschliesslich korrekte Informationen auf dieser Webseite zu publizieren. Die ver\u00f6ffentlichten Informationen sind nicht bindend noch ist ter Huurne Holland Markt B.V. haftbar f\u00fcr jegliche Inhalte. Alle Daten die Sie als Benutzer eingeben werden ausschliesslich zum angegebenen Zweck genutzt&#8230;.<\/p>\n","protected":false},"author":1,"featured_media":0,"parent":0,"menu_order":0,"comment_status":"closed","ping_status":"closed","template":"","meta":{"_acf_changed":false,"inline_featured_image":false,"_kad_blocks_custom_css":"","_kad_blocks_head_custom_js":"","_kad_blocks_body_custom_js":"","_kad_blocks_footer_custom_js":"","_kadence_starter_templates_imported_post":false,"_kad_post_transparent":"default","_kad_post_title":"","_kad_post_layout":"","_kad_post_sidebar_id":"","_kad_post_content_style":"","_kad_post_vertical_padding":"","_kad_post_feature":"","_kad_post_feature_position":"","_kad_post_header":false,"_kad_post_footer":false,"_kad_post_classname":"","footnotes":""},"class_list":["post-9604","page","type-page","status-publish","hentry"],"acf":[],"yoast_head":"<!-- This site is optimized with the Yoast SEO plugin v25.7 - https:\/\/yoast.com\/wordpress\/plugins\/seo\/ -->\n<title>Disclaimer | Ter Huurne Holland Markt B.V.<\/title>\n<meta name=\"description\" content=\"Lesen Sie unseren Disclaimer f\u00fcr die richtigen Nutzungsbedingungen und Haftungsbeschr\u00e4nkungen. wir haften nicht f\u00fcr sch\u00e4den, die sich aus der nutzung der website ergeben.\" \/>\n<meta name=\"robots\" content=\"index, follow, max-snippet:-1, max-image-preview:large, max-video-preview:-1\" \/>\n<link rel=\"canonical\" href=\"https:\/\/www.terhuurne.nl\/de\/disclaimer\/\" \/>\n<meta property=\"og:locale\" content=\"de_DE\" \/>\n<meta property=\"og:type\" content=\"article\" \/>\n<meta property=\"og:title\" content=\"Disclaimer | Ter Huurne Holland Markt B.V.\" \/>\n<meta property=\"og:description\" content=\"Lesen Sie unseren Disclaimer f\u00fcr die richtigen Nutzungsbedingungen und Haftungsbeschr\u00e4nkungen. wir haften nicht f\u00fcr sch\u00e4den, die sich aus der nutzung der website ergeben.\" \/>\n<meta property=\"og:url\" content=\"https:\/\/www.terhuurne.nl\/de\/disclaimer\/\" \/>\n<meta property=\"og:site_name\" content=\"Ter Huurne Holland Markt B.V.\" \/>\n<meta property=\"article:publisher\" content=\"https:\/\/www.facebook.com\/terhuurnehollandmarkt\" \/>\n<meta property=\"article:modified_time\" content=\"2023-05-16T13:52:31+00:00\" \/>\n<meta name=\"twitter:card\" content=\"summary_large_image\" \/>\n<meta name=\"twitter:label1\" content=\"Gesch\u00e4tzte Lesezeit\" \/>\n\t<meta name=\"twitter:data1\" content=\"1\u00a0Minute\" \/>\n<script type=\"application\/ld+json\" class=\"yoast-schema-graph\">{\"@context\":\"https:\/\/schema.org\",\"@graph\":[{\"@type\":\"WebPage\",\"@id\":\"https:\/\/www.terhuurne.nl\/de\/disclaimer\/\",\"url\":\"https:\/\/www.terhuurne.nl\/de\/disclaimer\/\",\"name\":\"Disclaimer | Ter Huurne Holland Markt B.V.\",\"isPartOf\":{\"@id\":\"https:\/\/www.terhuurne.nl\/de\/#website\"},\"datePublished\":\"2022-12-07T12:42:40+00:00\",\"dateModified\":\"2023-05-16T13:52:31+00:00\",\"description\":\"Lesen Sie unseren Disclaimer f\u00fcr die richtigen Nutzungsbedingungen und Haftungsbeschr\u00e4nkungen. wir haften nicht f\u00fcr sch\u00e4den, die sich aus der nutzung der website ergeben.\",\"breadcrumb\":{\"@id\":\"https:\/\/www.terhuurne.nl\/de\/disclaimer\/#breadcrumb\"},\"inLanguage\":\"de\",\"potentialAction\":[{\"@type\":\"ReadAction\",\"target\":[\"https:\/\/www.terhuurne.nl\/de\/disclaimer\/\"]}]},{\"@type\":\"BreadcrumbList\",\"@id\":\"https:\/\/www.terhuurne.nl\/de\/disclaimer\/#breadcrumb\",\"itemListElement\":[{\"@type\":\"ListItem\",\"position\":1,\"name\":\"Home\",\"item\":\"https:\/\/www.terhuurne.nl\/de\/\"},{\"@type\":\"ListItem\",\"position\":2,\"name\":\"Disclaimer\"}]},{\"@type\":\"WebSite\",\"@id\":\"https:\/\/www.terhuurne.nl\/de\/#website\",\"url\":\"https:\/\/www.terhuurne.nl\/de\/\",\"name\":\"ter Huurne Hollandmarkt\",\"description\":\"\",\"publisher\":{\"@id\":\"https:\/\/www.terhuurne.nl\/de\/#organization\"},\"alternateName\":\"ter Huurne\",\"potentialAction\":[{\"@type\":\"SearchAction\",\"target\":{\"@type\":\"EntryPoint\",\"urlTemplate\":\"https:\/\/www.terhuurne.nl\/de\/?s={search_term_string}\"},\"query-input\":{\"@type\":\"PropertyValueSpecification\",\"valueRequired\":true,\"valueName\":\"search_term_string\"}}],\"inLanguage\":\"de\"},{\"@type\":\"Organization\",\"@id\":\"https:\/\/www.terhuurne.nl\/de\/#organization\",\"name\":\"ter Huurne Holland Markt B.V.\",\"alternateName\":\"ter Huurne Hollandmarkt\",\"url\":\"https:\/\/www.terhuurne.nl\/de\/\",\"logo\":{\"@type\":\"ImageObject\",\"inLanguage\":\"de\",\"@id\":\"https:\/\/www.terhuurne.nl\/de\/#\/schema\/logo\/image\/\",\"url\":\"https:\/\/www.terhuurne.nl\/wp-content\/uploads\/2022\/12\/logo-2.svg\",\"contentUrl\":\"https:\/\/www.terhuurne.nl\/wp-content\/uploads\/2022\/12\/logo-2.svg\",\"width\":800,\"height\":299,\"caption\":\"ter Huurne Holland Markt B.V.\"},\"image\":{\"@id\":\"https:\/\/www.terhuurne.nl\/de\/#\/schema\/logo\/image\/\"},\"sameAs\":[\"https:\/\/www.facebook.com\/terhuurnehollandmarkt\",\"https:\/\/www.instagram.com\/terhuurnehollandmarkt\/\"]}]}<\/script>\n<!-- \/ Yoast SEO plugin. -->","yoast_head_json":{"title":"Disclaimer | Ter Huurne Holland Markt B.V.","description":"Lesen Sie unseren Disclaimer f\u00fcr die richtigen Nutzungsbedingungen und Haftungsbeschr\u00e4nkungen. wir haften nicht f\u00fcr sch\u00e4den, die sich aus der nutzung der website ergeben.","robots":{"index":"index","follow":"follow","max-snippet":"max-snippet:-1","max-image-preview":"max-image-preview:large","max-video-preview":"max-video-preview:-1"},"canonical":"https:\/\/www.terhuurne.nl\/de\/disclaimer\/","og_locale":"de_DE","og_type":"article","og_title":"Disclaimer | Ter Huurne Holland Markt B.V.","og_description":"Lesen Sie unseren Disclaimer f\u00fcr die richtigen Nutzungsbedingungen und Haftungsbeschr\u00e4nkungen. wir haften nicht f\u00fcr sch\u00e4den, die sich aus der nutzung der website ergeben.","og_url":"https:\/\/www.terhuurne.nl\/de\/disclaimer\/","og_site_name":"Ter Huurne Holland Markt B.V.","article_publisher":"https:\/\/www.facebook.com\/terhuurnehollandmarkt","article_modified_time":"2023-05-16T13:52:31+00:00","twitter_card":"summary_large_image","twitter_misc":{"Gesch\u00e4tzte Lesezeit":"1\u00a0Minute"},"schema":{"@context":"https:\/\/schema.org","@graph":[{"@type":"WebPage","@id":"https:\/\/www.terhuurne.nl\/de\/disclaimer\/","url":"https:\/\/www.terhuurne.nl\/de\/disclaimer\/","name":"Disclaimer | Ter Huurne Holland Markt B.V.","isPartOf":{"@id":"https:\/\/www.terhuurne.nl\/de\/#website"},"datePublished":"2022-12-07T12:42:40+00:00","dateModified":"2023-05-16T13:52:31+00:00","description":"Lesen Sie unseren Disclaimer f\u00fcr die richtigen Nutzungsbedingungen und Haftungsbeschr\u00e4nkungen. wir haften nicht f\u00fcr sch\u00e4den, die sich aus der nutzung der website ergeben.","breadcrumb":{"@id":"https:\/\/www.terhuurne.nl\/de\/disclaimer\/#breadcrumb"},"inLanguage":"de","potentialAction":[{"@type":"ReadAction","target":["https:\/\/www.terhuurne.nl\/de\/disclaimer\/"]}]},{"@type":"BreadcrumbList","@id":"https:\/\/www.terhuurne.nl\/de\/disclaimer\/#breadcrumb","itemListElement":[{"@type":"ListItem","position":1,"name":"Home","item":"https:\/\/www.terhuurne.nl\/de\/"},{"@type":"ListItem","position":2,"name":"Disclaimer"}]},{"@type":"WebSite","@id":"https:\/\/www.terhuurne.nl\/de\/#website","url":"https:\/\/www.terhuurne.nl\/de\/","name":"ter Huurne Hollandmarkt","description":"","publisher":{"@id":"https:\/\/www.terhuurne.nl\/de\/#organization"},"alternateName":"ter Huurne","potentialAction":[{"@type":"SearchAction","target":{"@type":"EntryPoint","urlTemplate":"https:\/\/www.terhuurne.nl\/de\/?s={search_term_string}"},"query-input":{"@type":"PropertyValueSpecification","valueRequired":true,"valueName":"search_term_string"}}],"inLanguage":"de"},{"@type":"Organization","@id":"https:\/\/www.terhuurne.nl\/de\/#organization","name":"ter Huurne Holland Markt B.V.","alternateName":"ter Huurne Hollandmarkt","url":"https:\/\/www.terhuurne.nl\/de\/","logo":{"@type":"ImageObject","inLanguage":"de","@id":"https:\/\/www.terhuurne.nl\/de\/#\/schema\/logo\/image\/","url":"https:\/\/www.terhuurne.nl\/wp-content\/uploads\/2022\/12\/logo-2.svg","contentUrl":"https:\/\/www.terhuurne.nl\/wp-content\/uploads\/2022\/12\/logo-2.svg","width":800,"height":299,"caption":"ter Huurne Holland Markt B.V."},"image":{"@id":"https:\/\/www.terhuurne.nl\/de\/#\/schema\/logo\/image\/"},"sameAs":["https:\/\/www.facebook.com\/terhuurnehollandmarkt","https:\/\/www.instagram.com\/terhuurnehollandmarkt\/"]}]}},"taxonomy_info":[],"featured_image_src_large":false,"author_info":{"display_name":"admin","author_link":"https:\/\/www.terhuurne.nl\/de\/author\/admin_4fkwxxin\/"},"comment_info":0,"_links":{"self":[{"href":"https:\/\/www.terhuurne.nl\/de\/wp-json\/wp\/v2\/pages\/9604","targetHints":{"allow":["GET"]}}],"collection":[{"href":"https:\/\/www.terhuurne.nl\/de\/wp-json\/wp\/v2\/pages"}],"about":[{"href":"https:\/\/www.terhuurne.nl\/de\/wp-json\/wp\/v2\/types\/page"}],"author":[{"embeddable":true,"href":"https:\/\/www.terhuurne.nl\/de\/wp-json\/wp\/v2\/users\/1"}],"replies":[{"embeddable":true,"href":"https:\/\/www.terhuurne.nl\/de\/wp-json\/wp\/v2\/comments?post=9604"}],"version-history":[{"count":5,"href":"https:\/\/www.terhuurne.nl\/de\/wp-json\/wp\/v2\/pages\/9604\/revisions"}],"predecessor-version":[{"id":11892,"href":"https:\/\/www.terhuurne.nl\/de\/wp-json\/wp\/v2\/pages\/9604\/revisions\/11892"}],"wp:attachment":[{"href":"https:\/\/www.terhuurne.nl\/de\/wp-json\/wp\/v2\/media?parent=9604"}],"curies":[{"name":"wp","href":"https:\/\/api.w.org\/{rel}","templated":true}]}}