{"id":9702,"date":"2022-12-07T12:43:04","date_gmt":"2022-12-07T12:43:04","guid":{"rendered":"https:\/\/www.terhuurne.nl\/privacy-en-cookieverklaring\/"},"modified":"2024-04-03T07:28:15","modified_gmt":"2024-04-03T07:28:15","slug":"privacy-erklarung","status":"publish","type":"page","link":"https:\/\/www.terhuurne.nl\/de\/privacy-erklarung\/","title":{"rendered":"Privacy Erkl\u00e4rung"},"content":{"rendered":"<style>.kb-row-layout-id9702_8a84f6-17 > .kt-row-column-wrap{align-content:end;}:where(.kb-row-layout-id9702_8a84f6-17 > .kt-row-column-wrap) > .wp-block-kadence-column{justify-content:end;}.kb-row-layout-id9702_8a84f6-17 > .kt-row-column-wrap{column-gap:var(--global-kb-gap-md, 2rem);row-gap:var(--global-kb-gap-md, 2rem);max-width:var( --global-content-width, 1290px );padding-left:var(--global-content-edge-padding);padding-right:var(--global-content-edge-padding);padding-top:var(--global-kb-spacing-sm, 1.5rem);padding-bottom:var(--global-kb-spacing-sm, 1.5rem);min-height:15vh;grid-template-columns:minmax(0, 1fr);}.kb-row-layout-id9702_8a84f6-17{background-image:url('https:\/\/terhuurne.nl\/wp-content\/uploads\/2022\/12\/default-eyecatcher-image-2.jpg');background-size:cover;background-position:center center;background-attachment:scroll;background-repeat:no-repeat;}.kb-row-layout-id9702_8a84f6-17 > .kt-row-layout-overlay{opacity:0.30;}@media all and (max-width: 1024px){.kb-row-layout-id9702_8a84f6-17 > .kt-row-column-wrap{grid-template-columns:minmax(0, 1fr);}}@media all and (max-width: 767px){.kb-row-layout-id9702_8a84f6-17 > .kt-row-column-wrap{grid-template-columns:minmax(0, 1fr);}}<\/style><div class=\"kb-row-layout-wrap kb-row-layout-id9702_8a84f6-17 alignfull kt-row-has-bg wp-block-kadence-rowlayout\"><div class=\"kt-row-column-wrap kt-has-1-columns kt-row-layout-equal kt-tab-layout-inherit kt-mobile-layout-row kt-row-valign-bottom kb-theme-content-width\">\n<style>.kadence-column9702_ffdf56-62 > .kt-inside-inner-col{display:flex;}.kadence-column9702_ffdf56-62 > .kt-inside-inner-col,.kadence-column9702_ffdf56-62 > .kt-inside-inner-col:before{border-top-left-radius:0px;border-top-right-radius:0px;border-bottom-right-radius:0px;border-bottom-left-radius:0px;}.kadence-column9702_ffdf56-62 > .kt-inside-inner-col{column-gap:var(--global-kb-gap-sm, 1rem);}.kadence-column9702_ffdf56-62 > .kt-inside-inner-col{flex-direction:column;justify-content:flex-end;}.kadence-column9702_ffdf56-62 > .kt-inside-inner-col > .aligncenter{width:100%;}.kt-row-column-wrap > .kadence-column9702_ffdf56-62{align-self:flex-end;}.kt-inner-column-height-full:not(.kt-has-1-columns) > .wp-block-kadence-column.kadence-column9702_ffdf56-62{align-self:auto;}.kt-inner-column-height-full:not(.kt-has-1-columns) > .wp-block-kadence-column.kadence-column9702_ffdf56-62 > .kt-inside-inner-col{flex-direction:column;justify-content:flex-end;}.kadence-column9702_ffdf56-62 > .kt-inside-inner-col:before{opacity:0.3;}.kadence-column9702_ffdf56-62{position:relative;}@media all and (max-width: 1024px){.kt-row-column-wrap > .kadence-column9702_ffdf56-62{align-self:flex-end;}}@media all and (max-width: 1024px){.kt-inner-column-height-full:not(.kt-has-1-columns) > .wp-block-kadence-column.kadence-column9702_ffdf56-62{align-self:auto;}}@media all and (max-width: 1024px){.kt-inner-column-height-full:not(.kt-has-1-columns) > .wp-block-kadence-column.kadence-column9702_ffdf56-62 > .kt-inside-inner-col{flex-direction:column;justify-content:flex-end;}}@media all and (max-width: 1024px){.kadence-column9702_ffdf56-62 > .kt-inside-inner-col{flex-direction:column;justify-content:flex-end;}}@media all and (max-width: 767px){.kt-row-column-wrap > .kadence-column9702_ffdf56-62{align-self:flex-end;}.kt-inner-column-height-full:not(.kt-has-1-columns) > .wp-block-kadence-column.kadence-column9702_ffdf56-62{align-self:auto;}.kt-inner-column-height-full:not(.kt-has-1-columns) > .wp-block-kadence-column.kadence-column9702_ffdf56-62 > .kt-inside-inner-col{flex-direction:column;justify-content:flex-end;}.kadence-column9702_ffdf56-62 > .kt-inside-inner-col{flex-direction:column;justify-content:flex-end;}}<\/style>\n<div class=\"wp-block-kadence-column kadence-column9702_ffdf56-62 inner-column-1\"><div class=\"kt-inside-inner-col\">\n<h6 class=\"wp-block-heading has-theme-palette-9-color has-text-color has-larger-font-size\">Shoppen, sparen, Spa\u00df<\/h6>\n<\/div><\/div>\n\n<\/div><\/div>\n\n<style>.kb-row-layout-id9702_629e2a-f6 > .kt-row-column-wrap{align-content:start;}:where(.kb-row-layout-id9702_629e2a-f6 > .kt-row-column-wrap) > .wp-block-kadence-column{justify-content:start;}.kb-row-layout-id9702_629e2a-f6 > .kt-row-column-wrap{column-gap:var(--global-kb-gap-md, 2rem);row-gap:var(--global-kb-gap-md, 2rem);max-width:var( --global-content-width, 1290px );padding-left:var(--global-content-edge-padding);padding-right:var(--global-content-edge-padding);padding-top:var(--global-kb-spacing-sm, 1.5rem);padding-bottom:var(--global-kb-spacing-sm, 1.5rem);grid-template-columns:minmax(0, 1fr);}.kb-row-layout-id9702_629e2a-f6 > .kt-row-layout-overlay{opacity:0.30;}@media all and (max-width: 1024px){.kb-row-layout-id9702_629e2a-f6 > .kt-row-column-wrap{grid-template-columns:minmax(0, 1fr);}}@media all and (max-width: 767px){.kb-row-layout-id9702_629e2a-f6 > .kt-row-column-wrap{grid-template-columns:minmax(0, 1fr);}}<\/style><div class=\"kb-row-layout-wrap kb-row-layout-id9702_629e2a-f6 alignfull wp-block-kadence-rowlayout\"><div class=\"kt-row-column-wrap kt-has-1-columns kt-row-layout-equal kt-tab-layout-inherit kt-mobile-layout-row kt-row-valign-top kb-theme-content-width\">\n<style>.kadence-column9702_eb21dd-54 > .kt-inside-inner-col,.kadence-column9702_eb21dd-54 > .kt-inside-inner-col:before{border-top-left-radius:0px;border-top-right-radius:0px;border-bottom-right-radius:0px;border-bottom-left-radius:0px;}.kadence-column9702_eb21dd-54 > .kt-inside-inner-col{column-gap:var(--global-kb-gap-sm, 1rem);}.kadence-column9702_eb21dd-54 > .kt-inside-inner-col{flex-direction:column;}.kadence-column9702_eb21dd-54 > .kt-inside-inner-col > .aligncenter{width:100%;}.kadence-column9702_eb21dd-54 > .kt-inside-inner-col:before{opacity:0.3;}.kadence-column9702_eb21dd-54{position:relative;}@media all and (max-width: 1024px){.kadence-column9702_eb21dd-54 > .kt-inside-inner-col{flex-direction:column;justify-content:center;}}@media all and (max-width: 767px){.kadence-column9702_eb21dd-54 > .kt-inside-inner-col{flex-direction:column;justify-content:center;}}.kadence-column9702_eb21dd-54 a{  color: black !important;}<\/style>\n<div class=\"wp-block-kadence-column kadence-column9702_eb21dd-54 inner-column-1\"><div class=\"kt-inside-inner-col\">\n<p><a data-type=\"page\" data-id=\"7\" href=\"https:\/\/terhuurne.nl\/de\/\">Home<\/a> > Privacy Erkl\u00e4rung<\/p>\n\n\n\n<p class=\"has-large-font-size\">Privacy Erkl\u00e4rung<\/p>\n\n\n\n<p>Mit der ter Huurne Holland Markt B.V. Webseite sammeln und verarbeiten wir diverse Informationen von Ihnen als Besucher. In dieser Privacy Erkl\u00e4rung erkl\u00e4ren wir Ihnen welche Daten wir sammeln und was wir damit machen.<\/p>\n\n\n\n<p>Wir erkl\u00e4ren hiermit sorgf\u00e4ltig mit Ihren personenbezogenen Daten umzugehen damit Ihre Privatsph\u00e4re gesch\u00fctzt und gewahrt wird. ter Huurne Holland Markt B.V. benutzt ausschliesslich personenbezogene Daten die wir ben\u00f6tigen um Ihnen eine gut funktionierende Website anbieten zu k\u00f6nnen.<\/p>\n\n\n\n<p>Gebrauch von Cookies<br>ter Huurne Holland Markt B.V. sammelt und bewahrt bestimmte Informationen von Besuchern mit Bezug auf die Nutzung unserer Webseite. Datum und Uhrzeit Ihres Besuches, sowie Browsertyp und Sprache, die IP Adresse des gebrauchten Computers, die Anzahl Klicks, welche Seiten und untergeordnete Seiten zuvor besucht wurden und die Dauer Ihres Besuches auf unserer Webseite.<\/p>\n\n\n\n<p>ter Huurne Holland Markt B.V. kann nicht an nicht an Daten wie Ihren Namen oder Ihre E-Mail Adresse gelangen es sei denn Sie m\u00f6chten sich bei unserem Newsletter anmelden, wof\u00fcr wir nat\u00fcrlich Ihre Daten ben\u00f6tigen. Die ter Huurne Webseite hinterlegt dann einen Cookie (eine kleine Textdatei die von Ihrem Browser aus auf Ihrer Festplatte gespeichert wird). In unseren Cookies wird keine Information gespeichert die auf Personen zur\u00fcckzuf\u00fchren ist.<\/p>\n\n\n\n<p>Kontaktformular &amp; E-Mail<br>Wenn Sie unser Kontaktformular auf der Webseite ausf\u00fcllen oder uns eine E-Mail senden, werden Ihre versendeten Daten solange bewahrt bis Ihr Anliegen gekl\u00e4rt ist. Ihre Daten werden nicht an Dritte weitergeleitet.<\/p>\n\n\n\n<p>ter Huurne Holland Markt B.V. Newsletter<br>Wir verschicken einige Male im Jahr einen Newsletter mit Informationen zu Veranstaltungen, Angeboten und Entwicklungen bez\u00fcglich der ter Huurne Holland Markt B.V.. Ihre E-Mail Adresse wird ausschliesslich mit Ihrer Zustimmung in unsere Adressliste eingef\u00fcgt. Sie k\u00f6nnen sich jederzeit von unserem Newsletter abmelden mit dem Abmeldelink. Diesen finden Sie unter jedem gesendeten Newsletter. Ihre Daten werden nicht an Dritte weitergeleitet.<br>Warum wir Ihre Daten&nbsp;ben\u00f6tigen.<br>ter Huurne Holland Markt B.V. verarbeitet Ihre Daten f\u00fcr folgende Zwecke:<br>\u2022 Den Versand unseres Newsletters<br>\u2022 ter Huurne Holland Markt B.V. analysiert Ihre Daten zur Optimalisierung unserer Angebote bezugnehmend auf Ihre Pr\u00e4ferenzen<\/p>\n\n\n\n<p>Teilen&nbsp;mit anderen<br>ter Huurne Holland Markt B.V. teilt Ihre Daten ausschliesslich dann mit Dritten wenn dies erforderlich ist, f\u00fcr die Ausf\u00fchrung unseres \u00dcbereinkommens mit Ihnen, oder um gesetzlichen Verpflichtungen zu entsprechen.<\/p>\n\n\n\n<p>Bewahrung Ihrer Daten<br>Alle&nbsp;Daten&nbsp;und&nbsp;Informationen&nbsp;werden&nbsp;nicht&nbsp;l\u00e4nger als&nbsp;n\u00f6tig bewahrt.<\/p>\n\n\n\n<p>Fragen&nbsp;und&nbsp;Feedback<br>Wenn Sie Fragen haben, oder mehr Ihnformationen ben\u00f6tigen m\u00f6chten wir Sie bitten Kontakt zu uns aufzunehmen:<\/p>\n\n\n\n<p>Tel.: +3153-5693569\u00a0oder\u00a0E-Mail: marketing@terhuurne.nl<\/p>\n\n\n\n<p>Letztes\u00a0Update: 04.03.2014<\/p>\n<\/div><\/div>\n\n<\/div><\/div>","protected":false},"excerpt":{"rendered":"<p>Shoppen, sparen, Spa\u00df Home > Privacy Erkl\u00e4rung Privacy Erkl\u00e4rung Mit der ter Huurne Holland Markt B.V. Webseite sammeln und verarbeiten wir diverse Informationen von Ihnen als Besucher. In dieser Privacy Erkl\u00e4rung erkl\u00e4ren wir Ihnen welche Daten wir sammeln und was wir damit machen. Wir erkl\u00e4ren hiermit sorgf\u00e4ltig mit Ihren personenbezogenen Daten umzugehen damit Ihre Privatsph\u00e4re&#8230;<\/p>\n","protected":false},"author":1,"featured_media":0,"parent":0,"menu_order":0,"comment_status":"closed","ping_status":"closed","template":"","meta":{"_acf_changed":false,"inline_featured_image":false,"_kad_blocks_custom_css":"","_kad_blocks_head_custom_js":"","_kad_blocks_body_custom_js":"","_kad_blocks_footer_custom_js":"","_kadence_starter_templates_imported_post":false,"_kad_post_transparent":"default","_kad_post_title":"","_kad_post_layout":"","_kad_post_sidebar_id":"","_kad_post_content_style":"","_kad_post_vertical_padding":"","_kad_post_feature":"","_kad_post_feature_position":"","_kad_post_header":false,"_kad_post_footer":false,"_kad_post_classname":"","footnotes":""},"class_list":["post-9702","page","type-page","status-publish","hentry"],"acf":[],"yoast_head":"<!-- This site is optimized with the Yoast SEO plugin v25.7 - https:\/\/yoast.com\/wordpress\/plugins\/seo\/ -->\n<title>Privacy Erkl\u00e4rung | Ter Huurne Holland Markt B.V.<\/title>\n<meta name=\"robots\" content=\"index, follow, max-snippet:-1, max-image-preview:large, max-video-preview:-1\" \/>\n<link rel=\"canonical\" href=\"https:\/\/www.terhuurne.nl\/de\/privacy-erklarung\/\" \/>\n<meta property=\"og:locale\" content=\"de_DE\" \/>\n<meta property=\"og:type\" content=\"article\" \/>\n<meta property=\"og:title\" content=\"Privacy Erkl\u00e4rung | Ter Huurne Holland Markt B.V.\" \/>\n<meta property=\"og:description\" content=\"Shoppen, sparen, Spa\u00df Home &gt; Privacy Erkl\u00e4rung Privacy Erkl\u00e4rung Mit der ter Huurne Holland Markt B.V. Webseite sammeln und verarbeiten wir diverse Informationen von Ihnen als Besucher. In dieser Privacy Erkl\u00e4rung erkl\u00e4ren wir Ihnen welche Daten wir sammeln und was wir damit machen. Wir erkl\u00e4ren hiermit sorgf\u00e4ltig mit Ihren personenbezogenen Daten umzugehen damit Ihre Privatsph\u00e4re...\" \/>\n<meta property=\"og:url\" content=\"https:\/\/www.terhuurne.nl\/de\/privacy-erklarung\/\" \/>\n<meta property=\"og:site_name\" content=\"Ter Huurne Holland Markt B.V.\" \/>\n<meta property=\"article:publisher\" content=\"https:\/\/www.facebook.com\/terhuurnehollandmarkt\" \/>\n<meta property=\"article:modified_time\" content=\"2024-04-03T07:28:15+00:00\" \/>\n<meta name=\"twitter:card\" content=\"summary_large_image\" \/>\n<meta name=\"twitter:label1\" content=\"Gesch\u00e4tzte Lesezeit\" \/>\n\t<meta name=\"twitter:data1\" content=\"3\u00a0Minuten\" \/>\n<script type=\"application\/ld+json\" class=\"yoast-schema-graph\">{\"@context\":\"https:\/\/schema.org\",\"@graph\":[{\"@type\":\"WebPage\",\"@id\":\"https:\/\/www.terhuurne.nl\/de\/privacy-erklarung\/\",\"url\":\"https:\/\/www.terhuurne.nl\/de\/privacy-erklarung\/\",\"name\":\"Privacy Erkl\u00e4rung | Ter Huurne Holland Markt B.V.\",\"isPartOf\":{\"@id\":\"https:\/\/www.terhuurne.nl\/de\/#website\"},\"datePublished\":\"2022-12-07T12:43:04+00:00\",\"dateModified\":\"2024-04-03T07:28:15+00:00\",\"breadcrumb\":{\"@id\":\"https:\/\/www.terhuurne.nl\/de\/privacy-erklarung\/#breadcrumb\"},\"inLanguage\":\"de\",\"potentialAction\":[{\"@type\":\"ReadAction\",\"target\":[\"https:\/\/www.terhuurne.nl\/de\/privacy-erklarung\/\"]}]},{\"@type\":\"BreadcrumbList\",\"@id\":\"https:\/\/www.terhuurne.nl\/de\/privacy-erklarung\/#breadcrumb\",\"itemListElement\":[{\"@type\":\"ListItem\",\"position\":1,\"name\":\"Home\",\"item\":\"https:\/\/www.terhuurne.nl\/de\/\"},{\"@type\":\"ListItem\",\"position\":2,\"name\":\"Privacy Erkl\u00e4rung\"}]},{\"@type\":\"WebSite\",\"@id\":\"https:\/\/www.terhuurne.nl\/de\/#website\",\"url\":\"https:\/\/www.terhuurne.nl\/de\/\",\"name\":\"ter Huurne Hollandmarkt\",\"description\":\"\",\"publisher\":{\"@id\":\"https:\/\/www.terhuurne.nl\/de\/#organization\"},\"alternateName\":\"ter Huurne\",\"potentialAction\":[{\"@type\":\"SearchAction\",\"target\":{\"@type\":\"EntryPoint\",\"urlTemplate\":\"https:\/\/www.terhuurne.nl\/de\/?s={search_term_string}\"},\"query-input\":{\"@type\":\"PropertyValueSpecification\",\"valueRequired\":true,\"valueName\":\"search_term_string\"}}],\"inLanguage\":\"de\"},{\"@type\":\"Organization\",\"@id\":\"https:\/\/www.terhuurne.nl\/de\/#organization\",\"name\":\"ter Huurne Holland Markt B.V.\",\"alternateName\":\"ter Huurne Hollandmarkt\",\"url\":\"https:\/\/www.terhuurne.nl\/de\/\",\"logo\":{\"@type\":\"ImageObject\",\"inLanguage\":\"de\",\"@id\":\"https:\/\/www.terhuurne.nl\/de\/#\/schema\/logo\/image\/\",\"url\":\"https:\/\/www.terhuurne.nl\/wp-content\/uploads\/2022\/12\/logo-2.svg\",\"contentUrl\":\"https:\/\/www.terhuurne.nl\/wp-content\/uploads\/2022\/12\/logo-2.svg\",\"width\":800,\"height\":299,\"caption\":\"ter Huurne Holland Markt B.V.\"},\"image\":{\"@id\":\"https:\/\/www.terhuurne.nl\/de\/#\/schema\/logo\/image\/\"},\"sameAs\":[\"https:\/\/www.facebook.com\/terhuurnehollandmarkt\",\"https:\/\/www.instagram.com\/terhuurnehollandmarkt\/\"]}]}<\/script>\n<!-- \/ Yoast SEO plugin. -->","yoast_head_json":{"title":"Privacy Erkl\u00e4rung | Ter Huurne Holland Markt B.V.","robots":{"index":"index","follow":"follow","max-snippet":"max-snippet:-1","max-image-preview":"max-image-preview:large","max-video-preview":"max-video-preview:-1"},"canonical":"https:\/\/www.terhuurne.nl\/de\/privacy-erklarung\/","og_locale":"de_DE","og_type":"article","og_title":"Privacy Erkl\u00e4rung | Ter Huurne Holland Markt B.V.","og_description":"Shoppen, sparen, Spa\u00df Home > Privacy Erkl\u00e4rung Privacy Erkl\u00e4rung Mit der ter Huurne Holland Markt B.V. Webseite sammeln und verarbeiten wir diverse Informationen von Ihnen als Besucher. In dieser Privacy Erkl\u00e4rung erkl\u00e4ren wir Ihnen welche Daten wir sammeln und was wir damit machen. Wir erkl\u00e4ren hiermit sorgf\u00e4ltig mit Ihren personenbezogenen Daten umzugehen damit Ihre Privatsph\u00e4re...","og_url":"https:\/\/www.terhuurne.nl\/de\/privacy-erklarung\/","og_site_name":"Ter Huurne Holland Markt B.V.","article_publisher":"https:\/\/www.facebook.com\/terhuurnehollandmarkt","article_modified_time":"2024-04-03T07:28:15+00:00","twitter_card":"summary_large_image","twitter_misc":{"Gesch\u00e4tzte Lesezeit":"3\u00a0Minuten"},"schema":{"@context":"https:\/\/schema.org","@graph":[{"@type":"WebPage","@id":"https:\/\/www.terhuurne.nl\/de\/privacy-erklarung\/","url":"https:\/\/www.terhuurne.nl\/de\/privacy-erklarung\/","name":"Privacy Erkl\u00e4rung | Ter Huurne Holland Markt B.V.","isPartOf":{"@id":"https:\/\/www.terhuurne.nl\/de\/#website"},"datePublished":"2022-12-07T12:43:04+00:00","dateModified":"2024-04-03T07:28:15+00:00","breadcrumb":{"@id":"https:\/\/www.terhuurne.nl\/de\/privacy-erklarung\/#breadcrumb"},"inLanguage":"de","potentialAction":[{"@type":"ReadAction","target":["https:\/\/www.terhuurne.nl\/de\/privacy-erklarung\/"]}]},{"@type":"BreadcrumbList","@id":"https:\/\/www.terhuurne.nl\/de\/privacy-erklarung\/#breadcrumb","itemListElement":[{"@type":"ListItem","position":1,"name":"Home","item":"https:\/\/www.terhuurne.nl\/de\/"},{"@type":"ListItem","position":2,"name":"Privacy Erkl\u00e4rung"}]},{"@type":"WebSite","@id":"https:\/\/www.terhuurne.nl\/de\/#website","url":"https:\/\/www.terhuurne.nl\/de\/","name":"ter Huurne Hollandmarkt","description":"","publisher":{"@id":"https:\/\/www.terhuurne.nl\/de\/#organization"},"alternateName":"ter Huurne","potentialAction":[{"@type":"SearchAction","target":{"@type":"EntryPoint","urlTemplate":"https:\/\/www.terhuurne.nl\/de\/?s={search_term_string}"},"query-input":{"@type":"PropertyValueSpecification","valueRequired":true,"valueName":"search_term_string"}}],"inLanguage":"de"},{"@type":"Organization","@id":"https:\/\/www.terhuurne.nl\/de\/#organization","name":"ter Huurne Holland Markt B.V.","alternateName":"ter Huurne Hollandmarkt","url":"https:\/\/www.terhuurne.nl\/de\/","logo":{"@type":"ImageObject","inLanguage":"de","@id":"https:\/\/www.terhuurne.nl\/de\/#\/schema\/logo\/image\/","url":"https:\/\/www.terhuurne.nl\/wp-content\/uploads\/2022\/12\/logo-2.svg","contentUrl":"https:\/\/www.terhuurne.nl\/wp-content\/uploads\/2022\/12\/logo-2.svg","width":800,"height":299,"caption":"ter Huurne Holland Markt B.V."},"image":{"@id":"https:\/\/www.terhuurne.nl\/de\/#\/schema\/logo\/image\/"},"sameAs":["https:\/\/www.facebook.com\/terhuurnehollandmarkt","https:\/\/www.instagram.com\/terhuurnehollandmarkt\/"]}]}},"taxonomy_info":[],"featured_image_src_large":false,"author_info":{"display_name":"admin","author_link":"https:\/\/www.terhuurne.nl\/de\/author\/admin_4fkwxxin\/"},"comment_info":0,"_links":{"self":[{"href":"https:\/\/www.terhuurne.nl\/de\/wp-json\/wp\/v2\/pages\/9702","targetHints":{"allow":["GET"]}}],"collection":[{"href":"https:\/\/www.terhuurne.nl\/de\/wp-json\/wp\/v2\/pages"}],"about":[{"href":"https:\/\/www.terhuurne.nl\/de\/wp-json\/wp\/v2\/types\/page"}],"author":[{"embeddable":true,"href":"https:\/\/www.terhuurne.nl\/de\/wp-json\/wp\/v2\/users\/1"}],"replies":[{"embeddable":true,"href":"https:\/\/www.terhuurne.nl\/de\/wp-json\/wp\/v2\/comments?post=9702"}],"version-history":[{"count":2,"href":"https:\/\/www.terhuurne.nl\/de\/wp-json\/wp\/v2\/pages\/9702\/revisions"}],"predecessor-version":[{"id":16005,"href":"https:\/\/www.terhuurne.nl\/de\/wp-json\/wp\/v2\/pages\/9702\/revisions\/16005"}],"wp:attachment":[{"href":"https:\/\/www.terhuurne.nl\/de\/wp-json\/wp\/v2\/media?parent=9702"}],"curies":[{"name":"wp","href":"https:\/\/api.w.org\/{rel}","templated":true}]}}